{"id":915,"date":"2024-07-01T23:24:21","date_gmt":"2024-07-01T20:24:21","guid":{"rendered":"https:\/\/barbata.tr\/?page_id=915"},"modified":"2025-06-01T17:32:18","modified_gmt":"2025-06-01T14:32:18","slug":"iletisim","status":"publish","type":"page","link":"https:\/\/barbata.tr\/?page_id=915","title":{"rendered":"\u0130leti\u015fim"},"content":{"rendered":"<div class=\"wpb-content-wrapper\"><p>[vc_row el_class=&#8221;page-we&#8221;][vc_column][vc_custom_heading text=&#8221;Ba\u011flant\u0131 kurmak i\u00e7in buraday\u0131z.&#8221; font_container=&#8221;tag:h2|font_size:48|text_align:center|line_height:1&#8243; use_theme_fonts=&#8221;yes&#8221; css=&#8221;.vc_custom_1737757532298{margin-bottom: 50px !important;}&#8221; el_class=&#8221;page-we-slogan&#8221;][vc_single_image image=&#8221;743&#8243; img_size=&#8221;&#8221; alignment=&#8221;center&#8221; css=&#8221;&#8221;][vc_custom_heading text=&#8221;\u0130leti\u015fim&#8221; font_container=&#8221;tag:h2|font_size:24|text_align:left|line_height:1.85&#8243; use_theme_fonts=&#8221;yes&#8221; el_class=&#8221;page-we-title&#8221;][vc_row_inner][vc_column_inner width=&#8221;1\/5&#8243;][vc_column_text css=&#8221;&#8221;]Nida Kule G\u00fcney,<br \/>\nMor S\u00fcmb\u00fcl Sk.<br \/>\nNo.7 \/ 3F 34750<br \/>\nAta\u015fehir \/ \u0130stanbul<br \/>\n<a href=\"mailto:bilgi@barbata.tr\">bilgi@barbata.tr<\/a><br \/>\n0216 310 3020[\/vc_column_text][\/vc_column_inner][vc_column_inner width=&#8221;4\/5&#8243;][vc_gmaps link=&#8221;#E-8_JTNDaWZyYW1lJTIwc3JjJTNEJTIyaHR0cHMlM0ElMkYlMkZ3d3cuZ29vZ2xlLmNvbSUyRm1hcHMlMkZlbWJlZCUzRnBiJTNEJTIxMW0xOCUyMTFtMTIlMjExbTMlMjExZDU0MDc2Ljk4NjExNTkzMjM0JTIxMmQyOS4wNjQwMjc4OTU3Njg1NDMlMjEzZDQxLjAwMTgzMjk2ODE0MzQ1NCUyMTJtMyUyMTFmMCUyMTJmMCUyMTNmMCUyMTNtMiUyMTFpMTAyNCUyMTJpNzY4JTIxNGYxMy4xJTIxM20zJTIxMW0yJTIxMXMweDE0Y2FiNzg4NWQzNTRjY2QlMjUzQTB4ZmRkOWYwYmVmY2Q5NTc1MCUyMTJzQmFyYmF0YSUyNTIwTWltYXJsJTI1QzQlMjVCMWslMjE1ZTAlMjEzbTIlMjExc3RyJTIxMnN0ciUyMTR2MTcxOTg2NTg3OTU0NyUyMTVtMiUyMTFzdHIlMjEyc3RyJTIyJTIwd2lkdGglM0QlMjI5MDAlMjIlMjBoZWlnaHQlM0QlMjI0ODAlMjIlMjBzdHlsZSUzRCUyMmJvcmRlciUzQTAlM0IlMjIlMjBhbGxvd2Z1bGxzY3JlZW4lM0QlMjIlMjIlMjBsb2FkaW5nJTNEJTIybGF6eSUyMiUyMHJlZmVycmVycG9saWN5JTNEJTIybm8tcmVmZXJyZXItd2hlbi1kb3duZ3JhZGUlMjIlM0UlM0MlMkZpZnJhbWUlM0U=&#8221; el_class=&#8221;map-embed&#8221;][\/vc_column_inner][\/vc_row_inner][\/vc_column][\/vc_row]<\/p>\n<\/div>","protected":false},"excerpt":{"rendered":"[vc_row el_class=&#8221;page-we&#8221;][vc_column][vc_custom_heading text=&#8221;Ba\u011flant\u0131 kurmak i\u00e7in buraday\u0131z.&#8221; font_container=&#8221;tag:h2|font_size:48|text_align:center|line_height:1&#8243; use_theme_fonts=&#8221;yes&#8221; css=&#8221;.vc_custom_1737757532298{margin-bottom: 50px !important;}&#8221; el_class=&#8221;page-we-slogan&#8221;][vc_single_image image=&#8221;743&#8243; img_size=&#8221;&#8221; alignment=&#8221;center&#8221; css=&#8221;&#8221;][vc_custom_heading text=&#8221;\u0130leti\u015fim&#8221; font_container=&#8221;tag:h2|font_size:24|text_align:left|line_height:1.85&#8243; use_theme_fonts=&#8221;yes&#8221; el_class=&#8221;page-we-title&#8221;][vc_row_inner][vc_column_inner width=&#8221;1\/5&#8243;][vc_column_text css=&#8221;&#8221;]Nida Kule G\u00fcney, Mor S\u00fcmb\u00fcl Sk. No.7 \/ 3F 34750 Ata\u015fehir \/ \u0130stanbul bilgi@barbata.tr 0216 310 3020[\/vc_column_text][\/vc_column_inner][vc_column_inner width=&#8221;4\/5&#8243;][vc_gmaps link=&#8221;#E-8_JTNDaWZyYW1lJTIwc3JjJTNEJTIyaHR0cHMlM0ElMkYlMkZ3d3cuZ29vZ2xlLmNvbSUyRm1hcHMlMkZlbWJlZCUzRnBiJTNEJTIxMW0xOCUyMTFtMTIlMjExbTMlMjExZDU0MDc2Ljk4NjExNTkzMjM0JTIxMmQyOS4wNjQwMjc4OTU3Njg1NDMlMjEzZDQxLjAwMTgzMjk2ODE0MzQ1NCUyMTJtMyUyMTFmMCUyMTJmMCUyMTNmMCUyMTNtMiUyMTFpMTAyNCUyMTJpNzY4JTIxNGYxMy4xJTIxM20zJTIxMW0yJTIxMXMweDE0Y2FiNzg4NWQzNTRjY2QlMjUzQTB4ZmRkOWYwYmVmY2Q5NTc1MCUyMTJzQmFyYmF0YSUyNTIwTWltYXJsJTI1QzQlMjVCMWslMjE1ZTAlMjEzbTIlMjExc3RyJTIxMnN0ciUyMTR2MTcxOTg2NTg3OTU0NyUyMTVtMiUyMTFzdHIlMjEyc3RyJTIyJTIwd2lkdGglM0QlMjI5MDAlMjIlMjBoZWlnaHQlM0QlMjI0ODAlMjIlMjBzdHlsZSUzRCUyMmJvcmRlciUzQTAlM0IlMjIlMjBhbGxvd2Z1bGxzY3JlZW4lM0QlMjIlMjIlMjBsb2FkaW5nJTNEJTIybGF6eSUyMiUyMHJlZmVycmVycG9saWN5JTNEJTIybm8tcmVmZXJyZXItd2hlbi1kb3duZ3JhZGUlMjIlM0UlM0MlMkZpZnJhbWUlM0U=&#8221; el_class=&#8221;map-embed&#8221;][\/vc_column_inner][\/vc_row_inner][\/vc_column][\/vc_row]","protected":false},"author":1,"featured_media":0,"parent":0,"menu_order":0,"comment_status":"closed","ping_status":"closed","template":"page-fixed-width.php","meta":{"_acf_changed":false,"footnotes":""},"class_list":["post-915","page","type-page","status-publish","hentry"],"acf":[],"_links":{"self":[{"href":"https:\/\/barbata.tr\/index.php?rest_route=\/wp\/v2\/pages\/915","targetHints":{"allow":["GET"]}}],"collection":[{"href":"https:\/\/barbata.tr\/index.php?rest_route=\/wp\/v2\/pages"}],"about":[{"href":"https:\/\/barbata.tr\/index.php?rest_route=\/wp\/v2\/types\/page"}],"author":[{"embeddable":true,"href":"https:\/\/barbata.tr\/index.php?rest_route=\/wp\/v2\/users\/1"}],"replies":[{"embeddable":true,"href":"https:\/\/barbata.tr\/index.php?rest_route=%2Fwp%2Fv2%2Fcomments&post=915"}],"version-history":[{"count":8,"href":"https:\/\/barbata.tr\/index.php?rest_route=\/wp\/v2\/pages\/915\/revisions"}],"predecessor-version":[{"id":1166,"href":"https:\/\/barbata.tr\/index.php?rest_route=\/wp\/v2\/pages\/915\/revisions\/1166"}],"wp:attachment":[{"href":"https:\/\/barbata.tr\/index.php?rest_route=%2Fwp%2Fv2%2Fmedia&parent=915"}],"curies":[{"name":"wp","href":"https:\/\/api.w.org\/{rel}","templated":true}]}}