{"id":42,"date":"2024-02-21T00:32:32","date_gmt":"2024-02-20T21:32:32","guid":{"rendered":"https:\/\/barbata.tr\/?page_id=42"},"modified":"2025-05-07T13:27:25","modified_gmt":"2025-05-07T10:27:25","slug":"biz","status":"publish","type":"page","link":"https:\/\/barbata.tr\/?page_id=42","title":{"rendered":"Biz"},"content":{"rendered":"<div class=\"wpb-content-wrapper\"><p>[vc_row el_class=&#8221;page-we&#8221;][vc_column][vc_custom_heading text=&#8221;Biz insanlar i\u00e7in bo\u015fluklar tasarl\u0131yor, mekanlar \u00fcretiyoruz.&#8221; font_container=&#8221;tag:h2|font_size:48|text_align:center|line_height:1&#8243; use_theme_fonts=&#8221;yes&#8221; css=&#8221;.vc_custom_1744297928227{margin-bottom: 50px !important;}&#8221; el_class=&#8221;page-we-slogan&#8221;][vc_single_image image=&#8221;910&#8243; img_size=&#8221;full&#8221; alignment=&#8221;center&#8221; css=&#8221;&#8221; el_class=&#8221;for-desktop&#8221;][vc_single_image image=&#8221;1039&#8243; img_size=&#8221;full&#8221; alignment=&#8221;center&#8221; css=&#8221;&#8221; el_class=&#8221;for-mobile&#8221;][vc_custom_heading text=&#8221;Biz&#8221; font_container=&#8221;tag:h2|font_size:24|text_align:left|line_height:1.85&#8243; use_theme_fonts=&#8221;yes&#8221; css=&#8221;.vc_custom_1744296348211{margin-top: 60px !important;margin-bottom: 30px !important;}&#8221; el_class=&#8221;page-we-title&#8221;][vc_column_text css=&#8221;&#8221; el_class=&#8221;page-we-description&#8221;]<\/p>\n<h1>Barbata olarak biz tasar\u0131m\u0131 ve uygulamay\u0131 bir b\u00fct\u00fcn olarak g\u00f6r\u00fcyoruz. Zamans\u0131z mimari eserler iyi tasarlanm\u0131\u015f bir ihtiyac\u0131n do\u011fru materyalle bulu\u015fmas\u0131yla olu\u015fur diye d\u00fc\u015f\u00fcn\u00fcyoruz. Biz tasar\u0131mdan uygulamaya t\u00fcm s\u00fcreci sizin i\u00e7in u\u00e7tan uca y\u00f6netiyoruz.<\/h1>\n<p>[\/vc_column_text][vc_row_inner][vc_column_inner width=&#8221;1\/2&#8243;][vc_column_text css=&#8221;&#8221;]<\/p>\n<h1 style=\"text-align: left;\">11 y\u0131lda 100\u2019den fazla m\u00fc\u015fterimize, 140\u2019dan fazla projede, 10 milyon metrekareden fazla alan\u0131 tasarlayarak projelendirdik. B\u00fct\u00fcnle\u015fik mimari hizmetlerimizle benzersiz tasar\u0131mlar\u0131 ve iyi m\u00fchendislik uygulamalar\u0131n\u0131 estetik bir ahenkle hayata ge\u00e7iriyor, insanlar i\u00e7in anlaml\u0131 mek\u00e2nlar olu\u015fturuyoruz.<\/h1>\n<p>[\/vc_column_text][\/vc_column_inner][vc_column_inner width=&#8221;1\/2&#8243;][vc_column_text css=&#8221;&#8221;]<\/p>\n<h1 style=\"text-align: left;\">U\u00e7tan uca hizmet sunarak, projelerimizin her a\u015famas\u0131nda esteti\u011fi, sa\u011flaml\u0131\u011f\u0131 ve uygulama prati\u011fini \u00f6n planda tutuyoruz. Tasar\u0131m ve uygulaman\u0131n m\u00fckemmel uyumunu hedefleyerek, d\u00fcnyada iz b\u0131rakan eserler ortaya \u00e7\u0131kar\u0131yoruz. Amac\u0131m\u0131z, insanlar\u0131n ya\u015fam alanlar\u0131na anlam ve estetik katmakt\u0131r.<\/h1>\n<p>[\/vc_column_text][\/vc_column_inner][\/vc_row_inner][vc_single_image image=&#8221;418&#8243; img_size=&#8221;full&#8221; alignment=&#8221;center&#8221; css=&#8221;.vc_custom_1744296537439{margin-top: 60px !important;}&#8221;][vc_custom_heading text=&#8221;Kurucu&#8221; font_container=&#8221;tag:h2|font_size:24|text_align:left|line_height:1.85&#8243; use_theme_fonts=&#8221;yes&#8221; css=&#8221;.vc_custom_1744296374317{margin-top: 60px !important;margin-bottom: 30px !important;}&#8221; el_class=&#8221;page-we-title&#8221;][vc_row_inner][vc_column_inner width=&#8221;1\/3&#8243;][vc_single_image image=&#8221;1037&#8243; img_size=&#8221;full&#8221; css=&#8221;.vc_custom_1744296666774{margin-bottom: 0px !important;}&#8221;][\/vc_column_inner][vc_column_inner width=&#8221;2\/3&#8243;][vc_column_text css=&#8221;.vc_custom_1744392983745{margin-bottom: 0px !important;}&#8221;]Ebubekir \u015eim\u015fek, 2011 y\u0131l\u0131nda Y\u0131ld\u0131z Teknik \u00dcniversitesi&#8217;nde mimarl\u0131k lisans\u0131n\u0131 tamamlad\u0131ktan sonra, \u00e7e\u015fitli \u00f6nde gelen mimarl\u0131k ofislerinde \u00e7al\u0131\u015farak projelendirme ve uygulama alanlar\u0131nda deneyimler kazand\u0131. 2013-2017 y\u0131llar\u0131 aras\u0131nda Marmara \u00dcniversitesi&#8217;nde sanat tarihi y\u00fcksek lisans \u00e7al\u0131\u015fmalar\u0131n\u0131 ger\u00e7ekle\u015ftirdi. 2008 y\u0131l\u0131nda bir mimarl\u0131k tarihi dersinde filizlenen fikir, 2014 y\u0131l\u0131nda \u00dcsk\u00fcdar&#8217;da Barbata&#8217;n\u0131n kurulmas\u0131na ilham verdi. 9 y\u0131l \u00dcsk\u00fcdar&#8217;da faaliyet g\u00f6steren Barbata, 2023&#8217;te Ata\u015fehir&#8217;e ta\u015f\u0131nd\u0131. Ebubekir, Barbata&#8217;n\u0131n kurucusu olarak g\u00f6revine 11 y\u0131ld\u0131r devam ediyor.<\/p>\n<p>2020&#8217;den itibaren Y\u0131ld\u0131z Teknik \u00dcniversitesi Mimarl\u0131k Fak\u00fcltesi&#8217;nde \u00f6\u011fretim g\u00f6revlisi olarak bulunan ve mimari tasar\u0131m dersleri veren Ebubekir, ulusal mimari proje yar\u0131\u015fmalar\u0131na kat\u0131ld\u0131 ve bir\u00e7ok \u00f6d\u00fcller kazand\u0131. Ulusal bir dergide k\u00f6\u015fe yazarl\u0131\u011f\u0131 yaparak mimarl\u0131k ve fark\u0131ndal\u0131k \u00fczerine yaz\u0131lar kaleme ald\u0131. T\u00fcrkiye genelinde bir\u00e7ok \u00fcniversite, sempozyum ve konferansta konu\u015fmac\u0131, e\u011fitimci ve j\u00fcri \u00fcyesi olarak bulundu.<\/p>\n<p>Ebubekir, Barbata ve Y\u0131ld\u0131z Teknik \u00dcniversitesi&#8217;ndeki g\u00f6revleriyle mimarl\u0131k d\u00fcnyas\u0131 i\u00e7in \u00fcretmeye devam ediyor.[\/vc_column_text][\/vc_column_inner][\/vc_row_inner][vc_custom_heading text=&#8221;K\u00f6k&#8221; font_container=&#8221;tag:h2|font_size:24|text_align:left|line_height:1.85&#8243; use_theme_fonts=&#8221;yes&#8221; css=&#8221;.vc_custom_1744296616560{margin-top: 60px !important;margin-bottom: 30px !important;}&#8221; el_class=&#8221;page-we-title&#8221;][vc_single_image image=&#8221;1119&#8243; img_size=&#8221;full&#8221; alignment=&#8221;center&#8221; css=&#8221;&#8221; el_class=&#8221;for-desktop&#8221;][vc_single_image image=&#8221;1124&#8243; img_size=&#8221;full&#8221; alignment=&#8221;center&#8221; css=&#8221;&#8221; el_class=&#8221;for-mobile&#8221;][vc_single_image image=&#8221;914&#8243; img_size=&#8221;full&#8221; alignment=&#8221;center&#8221; css=&#8221;&#8221;][vc_custom_heading text=&#8221;Projeleri Ke\u015ffet&#8221; font_container=&#8221;tag:h2|font_size:24|text_align:left|line_height:1.85&#8243; use_theme_fonts=&#8221;yes&#8221; css=&#8221;.vc_custom_1744300061779{margin-top: 60px !important;margin-bottom: 30px !important;}&#8221; el_class=&#8221;page-we-title&#8221;][vc_row_inner][vc_column_inner width=&#8221;2\/3&#8243;][vc_single_image image=&#8221;426&#8243; img_size=&#8221;full&#8221; onclick=&#8221;custom_link&#8221; css=&#8221;.vc_custom_1744303723277{margin-bottom: 10px !important;}&#8221; link=&#8221;https:\/\/barbata.tr\/?project=cekmekoy-kalem-vakfi-okullari&#8221;][vc_column_text css=&#8221;&#8221;]<\/p>\n<h1 class=\"post-title\"><a style=\"font-weight: 100;\" href=\"https:\/\/barbata.tr\/?project=cekmekoy-kalem-vakfi-okullari\">\u00c7ekmek\u00f6y Kalem<br \/>\nVakf\u0131 Okullar\u0131<\/a><\/h1>\n<p>[\/vc_column_text][\/vc_column_inner][vc_column_inner width=&#8221;1\/3&#8243;][vc_single_image image=&#8221;404&#8243; img_size=&#8221;&#8221; onclick=&#8221;custom_link&#8221; css=&#8221;.vc_custom_1744309637049{margin-bottom: 20px !important;}&#8221; link=&#8221;https:\/\/barbata.tr\/?project=kocaeli-outlet-alisveris-merkezi&#8221;][vc_single_image image=&#8221;406&#8243; img_size=&#8221;full&#8221; onclick=&#8221;custom_link&#8221; css=&#8221;.vc_custom_1744303755468{margin-bottom: 22px !important;}&#8221; link=&#8221;https:\/\/barbata.tr\/?project=kocaeli-outlet-alisveris-merkezi&#8221;][vc_column_text css=&#8221;&#8221;]<\/p>\n<h1 class=\"post-title\" style=\"font-weight: 100;\"><a href=\"http:\/\/barbata.tr\/?project=kocaeli-outlet-alisveris-merkezi\">Kocaeli Outlet Al\u0131\u015fveri\u015f Merkezi<\/a><\/h1>\n<p>[\/vc_column_text][\/vc_column_inner][\/vc_row_inner][\/vc_column][\/vc_row]<\/p>\n<\/div>","protected":false},"excerpt":{"rendered":"[vc_row el_class=&#8221;page-we&#8221;][vc_column][vc_custom_heading text=&#8221;Biz insanlar i\u00e7in bo\u015fluklar tasarl\u0131yor, mekanlar \u00fcretiyoruz.&#8221; font_container=&#8221;tag:h2|font_size:48|text_align:center|line_height:1&#8243; use_theme_fonts=&#8221;yes&#8221; css=&#8221;.vc_custom_1744297928227{margin-bottom: 50px !important;}&#8221; el_class=&#8221;page-we-slogan&#8221;][vc_single_image image=&#8221;910&#8243; img_size=&#8221;full&#8221; alignment=&#8221;center&#8221; css=&#8221;&#8221; el_class=&#8221;for-desktop&#8221;][vc_single_image image=&#8221;1039&#8243; img_size=&#8221;full&#8221; alignment=&#8221;center&#8221; css=&#8221;&#8221; el_class=&#8221;for-mobile&#8221;][vc_custom_heading text=&#8221;Biz&#8221; font_container=&#8221;tag:h2|font_size:24|text_align:left|line_height:1.85&#8243; use_theme_fonts=&#8221;yes&#8221; css=&#8221;.vc_custom_1744296348211{margin-top: 60px !important;margin-bottom: 30px !important;}&#8221; el_class=&#8221;page-we-title&#8221;][vc_column_text css=&#8221;&#8221; el_class=&#8221;page-we-description&#8221;] Barbata olarak biz tasar\u0131m\u0131 ve uygulamay\u0131 bir b\u00fct\u00fcn olarak g\u00f6r\u00fcyoruz. Zamans\u0131z mimari eserler iyi tasarlanm\u0131\u015f bir ihtiyac\u0131n do\u011fru materyalle [&hellip;]","protected":false},"author":1,"featured_media":949,"parent":0,"menu_order":0,"comment_status":"closed","ping_status":"closed","template":"page-fixed-width.php","meta":{"_acf_changed":false,"footnotes":""},"class_list":["post-42","page","type-page","status-publish","has-post-thumbnail","hentry"],"acf":[],"_links":{"self":[{"href":"https:\/\/barbata.tr\/index.php?rest_route=\/wp\/v2\/pages\/42","targetHints":{"allow":["GET"]}}],"collection":[{"href":"https:\/\/barbata.tr\/index.php?rest_route=\/wp\/v2\/pages"}],"about":[{"href":"https:\/\/barbata.tr\/index.php?rest_route=\/wp\/v2\/types\/page"}],"author":[{"embeddable":true,"href":"https:\/\/barbata.tr\/index.php?rest_route=\/wp\/v2\/users\/1"}],"replies":[{"embeddable":true,"href":"https:\/\/barbata.tr\/index.php?rest_route=%2Fwp%2Fv2%2Fcomments&post=42"}],"version-history":[{"count":30,"href":"https:\/\/barbata.tr\/index.php?rest_route=\/wp\/v2\/pages\/42\/revisions"}],"predecessor-version":[{"id":1163,"href":"https:\/\/barbata.tr\/index.php?rest_route=\/wp\/v2\/pages\/42\/revisions\/1163"}],"wp:featuredmedia":[{"embeddable":true,"href":"https:\/\/barbata.tr\/index.php?rest_route=\/wp\/v2\/media\/949"}],"wp:attachment":[{"href":"https:\/\/barbata.tr\/index.php?rest_route=%2Fwp%2Fv2%2Fmedia&parent=42"}],"curies":[{"name":"wp","href":"https:\/\/api.w.org\/{rel}","templated":true}]}}