{"id":40,"date":"2024-02-21T00:29:38","date_gmt":"2024-02-20T21:29:38","guid":{"rendered":"https:\/\/barbata.tr\/?page_id=40"},"modified":"2025-12-10T22:45:02","modified_gmt":"2025-12-10T19:45:02","slug":"servisler","status":"publish","type":"page","link":"https:\/\/barbata.tr\/?page_id=40","title":{"rendered":"Servisler"},"content":{"rendered":"<div class=\"wpb-content-wrapper\"><p>[vc_row el_class=&#8221;fixed-width-section&#8221;][vc_column][vc_custom_heading text=&#8221;B\u00fct\u00fcnle\u015fik Mimari Hizmetler&#8221; font_container=&#8221;tag:h2|font_size:48|text_align:justify|line_height:1&#8243; use_theme_fonts=&#8221;yes&#8221; css_animation=&#8221;none&#8221; css=&#8221;.vc_custom_1765395928396{margin-bottom: 50px !important;}&#8221; el_class=&#8221;page-we-slogan&#8221;][vc_single_image image=&#8221;33&#8243; img_size=&#8221;full&#8221; alignment=&#8221;center&#8221; css_animation=&#8221;none&#8221; css=&#8221;&#8221;][\/vc_column][\/vc_row][vc_row el_class=&#8221;fixed-width-section&#8221;][vc_column width=&#8221;1\/2&#8243;][vc_column_text css_animation=&#8221;none&#8221; css=&#8221;&#8221;][\/vc_column_text][\/vc_column][vc_column width=&#8221;1\/2&#8243;][vc_column_text css_animation=&#8221;none&#8221; css=&#8221;&#8221;][\/vc_column_text][\/vc_column][\/vc_row][vc_row el_class=&#8221;fixed-width-section&#8221;][vc_column][vc_custom_heading text=&#8221;Yakla\u015f\u0131m&#8221; font_container=&#8221;tag:h2|font_size:36|text_align:left|line_height:1.85&#8243; use_theme_fonts=&#8221;yes&#8221; css_animation=&#8221;none&#8221; css=&#8221;&#8221; el_class=&#8221;page-we-title&#8221;][vc_column_text css_animation=&#8221;none&#8221; css=&#8221;.vc_custom_1744299077357{margin-bottom: 60px !important;}&#8221; el_class=&#8221;page-we-description&#8221;]<\/p>\n<p style=\"text-align: left;\">B\u00fct\u00fcnle\u015fik Mimari Hizmetler modelimiz analizden tasar\u0131ma, projeden uygulamaya t\u00fcm \u00fcretim s\u00fcrecinin eksiksiz bir yolculu\u011fudur. Modelimizde nitelikli tasar\u0131mlar, iyi m\u00fchendislikle birle\u015ferek sorunsuz olarak hayata ge\u00e7er. Barbata bu yolculukta sizin konforunuz i\u00e7in ihtiyac\u0131n\u0131z olan t\u00fcm servisleri size sunar ve s\u00fcreci u\u00e7tan uca y\u00f6netir.<\/p>\n<p>[\/vc_column_text][vc_single_image image=&#8221;1040&#8243; img_size=&#8221;full&#8221; alignment=&#8221;center&#8221; css_animation=&#8221;none&#8221; css=&#8221;.vc_custom_1744296008604{margin-top: 40px !important;margin-bottom: 60px !important;}&#8221; el_class=&#8221;for-desktop&#8221;][vc_single_image image=&#8221;1041&#8243; img_size=&#8221;full&#8221; alignment=&#8221;center&#8221; css_animation=&#8221;none&#8221; css=&#8221;.vc_custom_1744296038386{margin-top: 40px !important;margin-bottom: 60px !important;}&#8221; el_class=&#8221;for-mobile&#8221;][vc_single_image image=&#8221;652&#8243; img_size=&#8221;full&#8221; alignment=&#8221;center&#8221; css_animation=&#8221;none&#8221; css=&#8221;.vc_custom_1765395714120{margin-bottom: 60px !important;}&#8221;][vc_custom_heading text=&#8221;Servisler&#8221; font_container=&#8221;tag:h2|font_size:36|text_align:left|line_height:1.85&#8243; use_theme_fonts=&#8221;yes&#8221; css=&#8221;&#8221; el_class=&#8221;page-we-title&#8221;][\/vc_column][\/vc_row][vc_row el_class=&#8221;fixed-width-section&#8221;][vc_column][vc_custom_heading text=&#8221;B\u00fct\u00fcnle\u015fik Mimari Hizmetlerimiz&#8221; font_container=&#8221;tag:h2|font_size:50|text_align:left|line_height:1.85&#8243; use_theme_fonts=&#8221;yes&#8221; css=&#8221;&#8221; el_class=&#8221;fw-normal page-we-slogan&#8221;][vc_single_image image=&#8221;1042&#8243; img_size=&#8221;full&#8221; alignment=&#8221;center&#8221; css_animation=&#8221;none&#8221; css=&#8221;.vc_custom_1737757043428{margin-top: 40px !important;margin-bottom: 50px !important;}&#8221; el_class=&#8221;for-desktop&#8221;][vc_single_image image=&#8221;1043&#8243; img_size=&#8221;full&#8221; alignment=&#8221;center&#8221; css_animation=&#8221;none&#8221; css=&#8221;.vc_custom_1737757110942{margin-top: 40px !important;margin-bottom: 50px !important;}&#8221; el_class=&#8221;for-mobile&#8221;][vc_column_text css_animation=&#8221;none&#8221; css=&#8221;&#8221; el_class=&#8221;bm-servs&#8221;]<strong>Master Plan<\/strong><br \/>\nSivil yap\u0131lanma ve \u00fcst \u00f6l\u00e7ekli mekan olu\u015fturma<\/p>\n<p><strong>Mimari Tasar\u0131m<\/strong><br \/>\nT\u00fcm \u00f6l\u00e7eklerde entegre yap\u0131 ve yap\u0131l\u0131 \u00e7evre geli\u015ftirme<\/p>\n<p><strong>Kentsel Tasar\u0131m<\/strong><br \/>\nYeni kimlikleri canland\u0131rmak i\u00e7in yeniden d\u00fc\u015f\u00fcnmek<\/p>\n<p><strong>Yap\u0131 Aray\u00fcz Tasar\u0131m\u0131<\/strong><br \/>\nKentsel etkiye sahip interaktif alt ve \u00fcst \u00f6l\u00e7ekte yap\u0131 fizi\u011fi<\/p>\n<p><strong>Peyzaj Tasar\u0131m\u0131<\/strong><br \/>\nDo\u011fa ve toplum aras\u0131nda yap\u0131 odakl\u0131 ba\u011flant\u0131lar<\/p>\n<p><strong>\u0130\u00e7 Mekan Tasar\u0131m\u0131<\/strong><br \/>\nAk\u0131lda kal\u0131c\u0131 deneyimler i\u00e7in benzersiz mekansal konseptler<\/p>\n<p><strong>Perakende Mimarisi<\/strong><br \/>\nVerimlilik odakl\u0131 perakende dan\u0131\u015fmanl\u0131\u011f\u0131 ve mimari tasar\u0131m<\/p>\n<p><strong>Mimari G\u00f6rsel Kimlik<\/strong><br \/>\nKurumsal kimli\u011fe uyumlu b\u00fct\u00fcnc\u00fcl g\u00f6rsel ve mimari tasar\u0131m[\/vc_column_text][\/vc_column][\/vc_row][vc_row el_class=&#8221;fixed-width-section&#8221; css=&#8221;.vc_custom_1744296242771{margin-bottom: 60px !important;}&#8221;][vc_column][vc_custom_heading text=&#8221;Birliktelikler&#8221; font_container=&#8221;tag:h2|font_size:36|text_align:left|line_height:1.85&#8243; use_theme_fonts=&#8221;yes&#8221; css=&#8221;&#8221; el_class=&#8221;page-we-title&#8221;][vc_custom_heading text=&#8221;Gayrimenkul&#8221; font_container=&#8221;tag:h2|font_size:30|text_align:left|color:%23070707|line_height:3&#8243; use_theme_fonts=&#8221;yes&#8221; css=&#8221;&#8221; el_class=&#8221;page-subtitle&#8221;][vc_single_image image=&#8221;927&#8243; img_size=&#8221;full&#8221; alignment=&#8221;center&#8221;][vc_custom_heading text=&#8221;Kamu&#8221; font_container=&#8221;tag:h2|font_size:30|text_align:left|color:%23000000|line_height:3&#8243; use_theme_fonts=&#8221;yes&#8221; css=&#8221;&#8221; el_class=&#8221;page-subtitle&#8221;][vc_single_image image=&#8221;926&#8243; img_size=&#8221;full&#8221; alignment=&#8221;center&#8221;][vc_custom_heading text=&#8221;Yerel Y\u00f6netim&#8221; font_container=&#8221;tag:h2|font_size:30|text_align:left|color:%23000000|line_height:3&#8243; use_theme_fonts=&#8221;yes&#8221; css=&#8221;&#8221; el_class=&#8221;page-subtitle&#8221;][vc_single_image image=&#8221;930&#8243; img_size=&#8221;full&#8221; alignment=&#8221;center&#8221;][vc_custom_heading text=&#8221;E\u011fitim&#8221; font_container=&#8221;tag:h2|font_size:30|text_align:left|color:%23000000|line_height:3&#8243; use_theme_fonts=&#8221;yes&#8221; css=&#8221;&#8221; el_class=&#8221;page-subtitle&#8221;][vc_single_image image=&#8221;929&#8243; img_size=&#8221;full&#8221; alignment=&#8221;center&#8221;][vc_custom_heading text=&#8221;Kurum&#8221; font_container=&#8221;tag:h2|font_size:30|text_align:left|color:%23000000|line_height:3&#8243; use_theme_fonts=&#8221;yes&#8221; css=&#8221;&#8221; el_class=&#8221;page-subtitle&#8221;][vc_single_image image=&#8221;928&#8243; img_size=&#8221;full&#8221; alignment=&#8221;center&#8221;][\/vc_column][\/vc_row]<\/p>\n<\/div>","protected":false},"excerpt":{"rendered":"[vc_row el_class=&#8221;fixed-width-section&#8221;][vc_column][vc_custom_heading text=&#8221;B\u00fct\u00fcnle\u015fik Mimari Hizmetler&#8221; font_container=&#8221;tag:h2|font_size:48|text_align:justify|line_height:1&#8243; use_theme_fonts=&#8221;yes&#8221; css_animation=&#8221;none&#8221; css=&#8221;.vc_custom_1765395928396{margin-bottom: 50px !important;}&#8221; el_class=&#8221;page-we-slogan&#8221;][vc_single_image image=&#8221;33&#8243; img_size=&#8221;full&#8221; alignment=&#8221;center&#8221; css_animation=&#8221;none&#8221; css=&#8221;&#8221;][\/vc_column][\/vc_row][vc_row el_class=&#8221;fixed-width-section&#8221;][vc_column width=&#8221;1\/2&#8243;][vc_column_text css_animation=&#8221;none&#8221; css=&#8221;&#8221;][\/vc_column_text][\/vc_column][vc_column width=&#8221;1\/2&#8243;][vc_column_text css_animation=&#8221;none&#8221; css=&#8221;&#8221;][\/vc_column_text][\/vc_column][\/vc_row][vc_row el_class=&#8221;fixed-width-section&#8221;][vc_column][vc_custom_heading text=&#8221;Yakla\u015f\u0131m&#8221; font_container=&#8221;tag:h2|font_size:36|text_align:left|line_height:1.85&#8243; use_theme_fonts=&#8221;yes&#8221; css_animation=&#8221;none&#8221; css=&#8221;&#8221; el_class=&#8221;page-we-title&#8221;][vc_column_text css_animation=&#8221;none&#8221; css=&#8221;.vc_custom_1744299077357{margin-bottom: 60px !important;}&#8221; el_class=&#8221;page-we-description&#8221;] B\u00fct\u00fcnle\u015fik Mimari Hizmetler modelimiz analizden tasar\u0131ma, projeden uygulamaya t\u00fcm \u00fcretim s\u00fcrecinin eksiksiz bir yolculu\u011fudur. Modelimizde nitelikli tasar\u0131mlar, iyi m\u00fchendislikle [&hellip;]","protected":false},"author":1,"featured_media":0,"parent":0,"menu_order":0,"comment_status":"closed","ping_status":"closed","template":"page-full-width.php","meta":{"_acf_changed":false,"footnotes":""},"class_list":["post-40","page","type-page","status-publish","hentry"],"acf":[],"_links":{"self":[{"href":"https:\/\/barbata.tr\/index.php?rest_route=\/wp\/v2\/pages\/40","targetHints":{"allow":["GET"]}}],"collection":[{"href":"https:\/\/barbata.tr\/index.php?rest_route=\/wp\/v2\/pages"}],"about":[{"href":"https:\/\/barbata.tr\/index.php?rest_route=\/wp\/v2\/types\/page"}],"author":[{"embeddable":true,"href":"https:\/\/barbata.tr\/index.php?rest_route=\/wp\/v2\/users\/1"}],"replies":[{"embeddable":true,"href":"https:\/\/barbata.tr\/index.php?rest_route=%2Fwp%2Fv2%2Fcomments&post=40"}],"version-history":[{"count":32,"href":"https:\/\/barbata.tr\/index.php?rest_route=\/wp\/v2\/pages\/40\/revisions"}],"predecessor-version":[{"id":1183,"href":"https:\/\/barbata.tr\/index.php?rest_route=\/wp\/v2\/pages\/40\/revisions\/1183"}],"wp:attachment":[{"href":"https:\/\/barbata.tr\/index.php?rest_route=%2Fwp%2Fv2%2Fmedia&parent=40"}],"curies":[{"name":"wp","href":"https:\/\/api.w.org\/{rel}","templated":true}]}}