{"id":37,"date":"2024-02-20T23:46:36","date_gmt":"2024-02-20T20:46:36","guid":{"rendered":"https:\/\/barbata.tr\/?page_id=37"},"modified":"2025-04-10T18:10:33","modified_gmt":"2025-04-10T15:10:33","slug":"isler","status":"publish","type":"page","link":"https:\/\/barbata.tr\/?page_id=37","title":{"rendered":"\u0130\u015fler"},"content":{"rendered":"<div class=\"wpb-content-wrapper\"><p>[vc_row full_width=&#8221;stretch_row&#8221; el_class=&#8221;page-works&#8221;][vc_column][vc_custom_heading text=&#8221;11+y\u0131lda 20+\u015fehirde 100+m\u00fc\u015fteriyle 140+proje.&#8221; font_container=&#8221;tag:h2|font_size:48|text_align:center|line_height:1&#8243; use_theme_fonts=&#8221;yes&#8221; css=&#8221;&#8221; el_class=&#8221;page-we-slogan&#8221;][vc_custom_heading text=&#8221;\u0130\u015fler&#8221; font_container=&#8221;tag:h2|font_size:24|text_align:left|line_height:1.85&#8243; use_theme_fonts=&#8221;yes&#8221; el_class=&#8221;page-we-title&#8221;][vc_basic_grid post_type=&#8221;project&#8221; max_items=&#8221;-1&#8243; show_filter=&#8221;yes&#8221; filter_style=&#8221;default-less-rounded&#8221; filter_default_title=&#8221;T\u00fcm\u00fc&#8221; filter_align=&#8221;right&#8221; item=&#8221;39&#8243; initial_loading_animation=&#8221;none&#8221; grid_id=&#8221;vc_gid:1744297780548-9a0f56b2-252a-4&#8243; el_class=&#8221;projects-list&#8221; filter_source=&#8221;sector&#8221;][\/vc_column][\/vc_row]<\/p>\n<\/div>","protected":false},"excerpt":{"rendered":"[vc_row full_width=&#8221;stretch_row&#8221; el_class=&#8221;page-works&#8221;][vc_column][vc_custom_heading text=&#8221;11+y\u0131lda 20+\u015fehirde 100+m\u00fc\u015fteriyle 140+proje.&#8221; font_container=&#8221;tag:h2|font_size:48|text_align:center|line_height:1&#8243; use_theme_fonts=&#8221;yes&#8221; css=&#8221;&#8221; el_class=&#8221;page-we-slogan&#8221;][vc_custom_heading text=&#8221;\u0130\u015fler&#8221; font_container=&#8221;tag:h2|font_size:24|text_align:left|line_height:1.85&#8243; use_theme_fonts=&#8221;yes&#8221; el_class=&#8221;page-we-title&#8221;][vc_basic_grid post_type=&#8221;project&#8221; max_items=&#8221;-1&#8243; show_filter=&#8221;yes&#8221; filter_style=&#8221;default-less-rounded&#8221; filter_default_title=&#8221;T\u00fcm\u00fc&#8221; filter_align=&#8221;right&#8221; item=&#8221;39&#8243; initial_loading_animation=&#8221;none&#8221; grid_id=&#8221;vc_gid:1744297780548-9a0f56b2-252a-4&#8243; el_class=&#8221;projects-list&#8221; filter_source=&#8221;sector&#8221;][\/vc_column][\/vc_row]","protected":false},"author":1,"featured_media":0,"parent":0,"menu_order":0,"comment_status":"closed","ping_status":"closed","template":"page-works.php","meta":{"_acf_changed":false,"footnotes":""},"class_list":["post-37","page","type-page","status-publish","hentry"],"acf":[],"_links":{"self":[{"href":"https:\/\/barbata.tr\/index.php?rest_route=\/wp\/v2\/pages\/37","targetHints":{"allow":["GET"]}}],"collection":[{"href":"https:\/\/barbata.tr\/index.php?rest_route=\/wp\/v2\/pages"}],"about":[{"href":"https:\/\/barbata.tr\/index.php?rest_route=\/wp\/v2\/types\/page"}],"author":[{"embeddable":true,"href":"https:\/\/barbata.tr\/index.php?rest_route=\/wp\/v2\/users\/1"}],"replies":[{"embeddable":true,"href":"https:\/\/barbata.tr\/index.php?rest_route=%2Fwp%2Fv2%2Fcomments&post=37"}],"version-history":[{"count":3,"href":"https:\/\/barbata.tr\/index.php?rest_route=\/wp\/v2\/pages\/37\/revisions"}],"predecessor-version":[{"id":1112,"href":"https:\/\/barbata.tr\/index.php?rest_route=\/wp\/v2\/pages\/37\/revisions\/1112"}],"wp:attachment":[{"href":"https:\/\/barbata.tr\/index.php?rest_route=%2Fwp%2Fv2%2Fmedia&parent=37"}],"curies":[{"name":"wp","href":"https:\/\/api.w.org\/{rel}","templated":true}]}}